{"id":37,"date":"2024-05-22T02:54:13","date_gmt":"2024-05-22T00:54:13","guid":{"rendered":"https:\/\/sanvidamara.com\/tienda\/?page_id=37"},"modified":"2024-05-21T23:26:42","modified_gmt":"2024-05-22T05:26:42","slug":"tienda","status":"publish","type":"page","link":"https:\/\/sanvidamara.com\/tienda\/","title":{"rendered":"Tienda"},"content":{"rendered":"<p>[et_pb_section fb_built=\u00bb1&#8243; admin_label=\u00bbHeader\u00bb _builder_version=\u00bb4.25.1&#8243; _module_preset=\u00bbdefault\u00bb background_color=\u00bbrgba(0,0,0,0.74)\u00bb use_background_color_gradient=\u00bbon\u00bb background_color_gradient_stops=\u00bbrgba(183,183,183,0.29) 0%|#000000 100%\u00bb background_color_gradient_overlays_image=\u00bbon\u00bb background_image=\u00bbhttps:\/\/site.sanvidamara.com\/wp-content\/uploads\/IMG_0662-scaled.webp\u00bb background_blend=\u00bbmultiply\u00bb custom_padding=\u00bb8vw||8vw||true|false\u00bb locked=\u00bboff\u00bb collapsed=\u00bbon\u00bb global_colors_info=\u00bb{}\u00bb][et_pb_row _builder_version=\u00bb4.22.0&#8243; _module_preset=\u00bbdefault\u00bb global_colors_info=\u00bb{}\u00bb][et_pb_column type=\u00bb4_4&#8243; _builder_version=\u00bb4.22.0&#8243; _module_preset=\u00bbdefault\u00bb global_colors_info=\u00bb{}\u00bb][et_pb_text _builder_version=\u00bb4.22.0&#8243; _module_preset=\u00bb542d48ca-6191-4ef5-a55c-18f037baa8f1&#8243; header_4_text_color=\u00bb#FFFFFF\u00bb global_colors_info=\u00bb{}\u00bb][\/et_pb_text][et_pb_text _builder_version=\u00bb4.22.0&#8243; _module_preset=\u00bba101fbad-6649-46f1-b2b1-d0bd357c0b04&#8243; header_text_color=\u00bb#FFFFFF\u00bb custom_margin=\u00bb||-8px|||\u00bb inline_fonts=\u00bbMontserrat\u00bb global_colors_info=\u00bb{}\u00bb]<\/p>\n<h1 style=\"text-align: center;\"><strong><span style=\"font-family: Montserrat;\">SANVIDAMARA<\/span><\/strong><\/h1>\n<p>[\/et_pb_text][et_pb_text _builder_version=\u00bb4.25.1&#8243; _module_preset=\u00bbdefault\u00bb global_colors_info=\u00bb{}\u00bb]<\/p>\n<p style=\"text-align: center;\"><span style=\"color: #ffffff;\"><strong>El snack que nutre<\/strong><\/span><\/p>\n<p>[\/et_pb_text][et_pb_button button_text=\u00bbContacto\u00bb button_alignment=\u00bbcenter\u00bb _builder_version=\u00bb4.25.1&#8243; _module_preset=\u00bbdefault\u00bb custom_button=\u00bbon\u00bb button_text_size=\u00bb22px\u00bb button_text_color=\u00bb#000000&#8243; button_bg_color=\u00bb#7CDA24&#8243; button_border_width=\u00bb2px\u00bb button_border_color=\u00bb#000000&#8243; global_colors_info=\u00bb{}\u00bb][\/et_pb_button][\/et_pb_column][\/et_pb_row][\/et_pb_section][et_pb_section fb_built=\u00bb1&#8243; admin_label=\u00bbProducts\u00bb _builder_version=\u00bb4.22.0&#8243; _module_preset=\u00bbdefault\u00bb locked=\u00bboff\u00bb collapsed=\u00bbon\u00bb global_colors_info=\u00bb{}\u00bb][et_pb_row column_structure=\u00bb1_3,1_3,1_3&#8243; _builder_version=\u00bb4.22.0&#8243; _module_preset=\u00bbdefault\u00bb global_colors_info=\u00bb{}\u00bb][et_pb_column type=\u00bb1_3&#8243; _builder_version=\u00bb4.22.0&#8243; _module_preset=\u00bbdefault\u00bb global_colors_info=\u00bb{}\u00bb][et_pb_image src=\u00bbhttps:\/\/sanvidamara.com\/tienda\/wp-content\/uploads\/2024\/05\/Original.avif\u00bb alt=\u00bbCrema de cacahuate sabor Original\u00bb title_text=\u00bbOriginal\u00bb url=\u00bb@ET-DC@eyJkeW5hbWljIjp0cnVlLCJjb250ZW50IjoicG9zdF9saW5rX3VybF9wcm9kdWN0Iiwic2V0dGluZ3MiOnsicG9zdF9pZCI6IjgxIn19@\u00bb _builder_version=\u00bb4.25.1&#8243; _dynamic_attributes=\u00bburl\u00bb _module_preset=\u00bbdefault\u00bb global_colors_info=\u00bb{}\u00bb][\/et_pb_image][et_pb_text _builder_version=\u00bb4.25.1&#8243; _module_preset=\u00bbdefault\u00bb min_height=\u00bb21.8px\u00bb custom_margin=\u00bb-12px|||||\u00bb global_colors_info=\u00bb{}\u00bb]<\/p>\n<p>Crema De Cacahuate Sabor &#8211; Original<\/p>\n<p>[\/et_pb_text][et_pb_text _builder_version=\u00bb4.25.1&#8243; _module_preset=\u00bbdefault\u00bb custom_margin=\u00bb-27px|||||\u00bb global_colors_info=\u00bb{}\u00bb]<\/p>\n<p><span style=\"text-decoration: line-through;\">MXN $187<\/span> &#8211; <strong><span style=\"color: #000000;\">MX $147.OO<\/span><\/strong><\/p>\n<p>[\/et_pb_text][et_pb_button button_text=\u00bbCOMPRAR AHORA\u00bb _builder_version=\u00bb4.25.1&#8243; _module_preset=\u00bbdefault\u00bb custom_margin=\u00bb-22px|||||\u00bb hover_enabled=\u00bb0&#8243; global_colors_info=\u00bb{}\u00bb button_url=\u00bb@ET-DC@eyJkeW5hbWljIjp0cnVlLCJjb250ZW50IjoicG9zdF9saW5rX3VybF9wcm9kdWN0Iiwic2V0dGluZ3MiOnsicG9zdF9pZCI6IjgxIn19@\u00bb _dynamic_attributes=\u00bbbutton_url\u00bb sticky_enabled=\u00bb0&#8243;][\/et_pb_button][\/et_pb_column][et_pb_column type=\u00bb1_3&#8243; _builder_version=\u00bb4.22.0&#8243; _module_preset=\u00bbdefault\u00bb global_colors_info=\u00bb{}\u00bb][et_pb_image src=\u00bbhttps:\/\/sanvidamara.com\/tienda\/wp-content\/uploads\/2024\/05\/Arandano.avif\u00bb title_text=\u00bbArandano\u00bb _builder_version=\u00bb4.25.1&#8243; _module_preset=\u00bbdefault\u00bb hover_enabled=\u00bb0&#8243; global_colors_info=\u00bb{}\u00bb url=\u00bb@ET-DC@eyJkeW5hbWljIjp0cnVlLCJjb250ZW50IjoicG9zdF9saW5rX3VybF9wcm9kdWN0Iiwic2V0dGluZ3MiOnsicG9zdF9pZCI6IjgyIn19@\u00bb _dynamic_attributes=\u00bburl\u00bb sticky_enabled=\u00bb0&#8243;][\/et_pb_image][et_pb_text _builder_version=\u00bb4.25.1&#8243; _module_preset=\u00bbdefault\u00bb min_height=\u00bb21.8px\u00bb custom_margin=\u00bb-12px|||||\u00bb global_colors_info=\u00bb{}\u00bb]<\/p>\n<p>Crema De Cacahuate Sabor &#8211; Arandano<\/p>\n<p>[\/et_pb_text][et_pb_text _builder_version=\u00bb4.25.1&#8243; _module_preset=\u00bbdefault\u00bb custom_margin=\u00bb-27px|||||\u00bb global_colors_info=\u00bb{}\u00bb]<\/p>\n<p><span style=\"text-decoration: line-through;\">MXN $187<\/span> &#8211; <strong><span style=\"color: #000000;\">MX $147.OO<\/span><\/strong><\/p>\n<p>[\/et_pb_text][et_pb_button button_text=\u00bbCOMPRAR AHORA\u00bb _builder_version=\u00bb4.25.1&#8243; _module_preset=\u00bbdefault\u00bb custom_margin=\u00bb-22px|||||\u00bb hover_enabled=\u00bb0&#8243; global_colors_info=\u00bb{}\u00bb button_url=\u00bb@ET-DC@eyJkeW5hbWljIjp0cnVlLCJjb250ZW50IjoicG9zdF9saW5rX3VybF9wcm9kdWN0Iiwic2V0dGluZ3MiOnsicG9zdF9pZCI6IjgyIn19@\u00bb _dynamic_attributes=\u00bbbutton_url\u00bb sticky_enabled=\u00bb0&#8243;][\/et_pb_button][\/et_pb_column][et_pb_column type=\u00bb1_3&#8243; _builder_version=\u00bb4.22.0&#8243; _module_preset=\u00bbdefault\u00bb global_colors_info=\u00bb{}\u00bb][et_pb_image src=\u00bbhttps:\/\/sanvidamara.com\/tienda\/wp-content\/uploads\/2024\/05\/Cacao.avif\u00bb alt=\u00bbCrema de cacahuate sabor cacao\u00bb title_text=\u00bbCacao\u00bb _builder_version=\u00bb4.25.1&#8243; _module_preset=\u00bbdefault\u00bb hover_enabled=\u00bb0&#8243; global_colors_info=\u00bb{}\u00bb url=\u00bb@ET-DC@eyJkeW5hbWljIjp0cnVlLCJjb250ZW50IjoicG9zdF9saW5rX3VybF9wcm9kdWN0Iiwic2V0dGluZ3MiOnsicG9zdF9pZCI6IjgzIn19@\u00bb _dynamic_attributes=\u00bburl\u00bb sticky_enabled=\u00bb0&#8243;][\/et_pb_image][et_pb_text _builder_version=\u00bb4.25.1&#8243; _module_preset=\u00bbdefault\u00bb min_height=\u00bb21.8px\u00bb custom_margin=\u00bb-12px|||||\u00bb global_colors_info=\u00bb{}\u00bb]<\/p>\n<p>Crema De Cacahuate Sabor &#8211; Cacao<\/p>\n<p>[\/et_pb_text][et_pb_text _builder_version=\u00bb4.25.1&#8243; _module_preset=\u00bbdefault\u00bb custom_margin=\u00bb-27px|||||\u00bb global_colors_info=\u00bb{}\u00bb]<\/p>\n<p><span style=\"text-decoration: line-through;\">MXN $187<\/span> &#8211; <strong><span style=\"color: #000000;\">MX $147.OO<\/span><\/strong><\/p>\n<p>[\/et_pb_text][et_pb_button button_text=\u00bbCOMPRAR AHORA\u00bb _builder_version=\u00bb4.25.1&#8243; _module_preset=\u00bbdefault\u00bb custom_margin=\u00bb-22px|||||\u00bb hover_enabled=\u00bb0&#8243; global_colors_info=\u00bb{}\u00bb button_url=\u00bb@ET-DC@eyJkeW5hbWljIjp0cnVlLCJjb250ZW50IjoicG9zdF9saW5rX3VybF9wcm9kdWN0Iiwic2V0dGluZ3MiOnsicG9zdF9pZCI6IjgzIn19@\u00bb _dynamic_attributes=\u00bbbutton_url\u00bb sticky_enabled=\u00bb0&#8243;][\/et_pb_button][\/et_pb_column][\/et_pb_row][et_pb_row column_structure=\u00bb1_3,1_3,1_3&#8243; _builder_version=\u00bb4.22.0&#8243; _module_preset=\u00bbdefault\u00bb global_colors_info=\u00bb{}\u00bb][et_pb_column type=\u00bb1_3&#8243; _builder_version=\u00bb4.22.0&#8243; _module_preset=\u00bbdefault\u00bb global_colors_info=\u00bb{}\u00bb][et_pb_image src=\u00bbhttps:\/\/sanvidamara.com\/tienda\/wp-content\/uploads\/2024\/05\/Cafe.avif\u00bb title_text=\u00bbCafe\u0301\u00bb _builder_version=\u00bb4.25.1&#8243; _module_preset=\u00bbdefault\u00bb hover_enabled=\u00bb0&#8243; global_colors_info=\u00bb{}\u00bb url=\u00bb@ET-DC@eyJkeW5hbWljIjp0cnVlLCJjb250ZW50IjoicG9zdF9saW5rX3VybF9wcm9kdWN0Iiwic2V0dGluZ3MiOnsicG9zdF9pZCI6Ijg1In19@\u00bb _dynamic_attributes=\u00bburl\u00bb sticky_enabled=\u00bb0&#8243;][\/et_pb_image][et_pb_text _builder_version=\u00bb4.25.1&#8243; _module_preset=\u00bbdefault\u00bb min_height=\u00bb21.8px\u00bb custom_margin=\u00bb-12px|||||\u00bb global_colors_info=\u00bb{}\u00bb]<\/p>\n<p>Crema De Cacahuate Sabor &#8211; Caf\u00e9<\/p>\n<p>[\/et_pb_text][et_pb_text _builder_version=\u00bb4.25.1&#8243; _module_preset=\u00bbdefault\u00bb custom_margin=\u00bb-27px|||||\u00bb global_colors_info=\u00bb{}\u00bb]<\/p>\n<p><span style=\"text-decoration: line-through;\">MXN $187<\/span> &#8211; <strong><span style=\"color: #000000;\">MX $147.OO<\/span><\/strong><\/p>\n<p>[\/et_pb_text][et_pb_button button_text=\u00bbCOMPRAR AHORA\u00bb _builder_version=\u00bb4.25.1&#8243; _module_preset=\u00bbdefault\u00bb custom_margin=\u00bb-22px|||||\u00bb hover_enabled=\u00bb0&#8243; global_colors_info=\u00bb{}\u00bb sticky_enabled=\u00bb0&#8243; button_url=\u00bb@ET-DC@eyJkeW5hbWljIjp0cnVlLCJjb250ZW50IjoicG9zdF9saW5rX3VybF9wcm9kdWN0Iiwic2V0dGluZ3MiOnsicG9zdF9pZCI6Ijg1In19@\u00bb _dynamic_attributes=\u00bbbutton_url\u00bb][\/et_pb_button][\/et_pb_column][et_pb_column type=\u00bb1_3&#8243; _builder_version=\u00bb4.22.0&#8243; _module_preset=\u00bbdefault\u00bb global_colors_info=\u00bb{}\u00bb][et_pb_image src=\u00bbhttps:\/\/sanvidamara.com\/tienda\/wp-content\/uploads\/2024\/05\/Sin-Endulzar.avif\u00bb alt=\u00bbCrema de cacahuate sin endulzar\u00bb title_text=\u00bbSin Endulzar\u00bb _builder_version=\u00bb4.25.1&#8243; _module_preset=\u00bbdefault\u00bb hover_enabled=\u00bb0&#8243; global_colors_info=\u00bb{}\u00bb url=\u00bb@ET-DC@eyJkeW5hbWljIjp0cnVlLCJjb250ZW50IjoicG9zdF9saW5rX3VybF9wcm9kdWN0Iiwic2V0dGluZ3MiOnsicG9zdF9pZCI6Ijg2In19@\u00bb _dynamic_attributes=\u00bburl\u00bb sticky_enabled=\u00bb0&#8243;][\/et_pb_image][et_pb_text _builder_version=\u00bb4.25.1&#8243; _module_preset=\u00bbdefault\u00bb min_height=\u00bb21.8px\u00bb custom_margin=\u00bb-12px|||||\u00bb global_colors_info=\u00bb{}\u00bb]<\/p>\n<p>Crema De Cacahuate SIN ENDULZAR<\/p>\n<p>[\/et_pb_text][et_pb_text _builder_version=\u00bb4.25.1&#8243; _module_preset=\u00bbdefault\u00bb custom_margin=\u00bb-27px|||||\u00bb global_colors_info=\u00bb{}\u00bb]<\/p>\n<p><span style=\"text-decoration: line-through;\">MXN $187<\/span> &#8211; <strong><span style=\"color: #000000;\">MX $147.OO<\/span><\/strong><\/p>\n<p>[\/et_pb_text][et_pb_button button_text=\u00bbCOMPRAR AHORA\u00bb _builder_version=\u00bb4.25.1&#8243; _module_preset=\u00bbdefault\u00bb custom_margin=\u00bb-22px|||||\u00bb hover_enabled=\u00bb0&#8243; global_colors_info=\u00bb{}\u00bb button_url=\u00bb@ET-DC@eyJkeW5hbWljIjp0cnVlLCJjb250ZW50IjoicG9zdF9saW5rX3VybF9wcm9kdWN0Iiwic2V0dGluZ3MiOnsicG9zdF9pZCI6Ijg2In19@\u00bb _dynamic_attributes=\u00bbbutton_url\u00bb sticky_enabled=\u00bb0&#8243;][\/et_pb_button][\/et_pb_column][et_pb_column type=\u00bb1_3&#8243; _builder_version=\u00bb4.22.0&#8243; _module_preset=\u00bbdefault\u00bb global_colors_info=\u00bb{}\u00bb][et_pb_image src=\u00bbhttps:\/\/sanvidamara.com\/tienda\/wp-content\/uploads\/2024\/05\/Coco.avif\u00bb alt=\u00bbCrema de cacahuate sabor Coco\u00bb title_text=\u00bbCoco\u00bb _builder_version=\u00bb4.25.1&#8243; _module_preset=\u00bbdefault\u00bb hover_enabled=\u00bb0&#8243; global_colors_info=\u00bb{}\u00bb url=\u00bb@ET-DC@eyJkeW5hbWljIjp0cnVlLCJjb250ZW50IjoicG9zdF9saW5rX3VybF9wcm9kdWN0Iiwic2V0dGluZ3MiOnsicG9zdF9pZCI6Ijg0In19@\u00bb _dynamic_attributes=\u00bburl\u00bb sticky_enabled=\u00bb0&#8243;][\/et_pb_image][et_pb_text _builder_version=\u00bb4.25.1&#8243; _module_preset=\u00bbdefault\u00bb min_height=\u00bb21.8px\u00bb custom_margin=\u00bb-12px|||||\u00bb global_colors_info=\u00bb{}\u00bb]<\/p>\n<p>Crema De Cacahuate Sabor &#8211; Coco<\/p>\n<p>[\/et_pb_text][et_pb_text _builder_version=\u00bb4.25.1&#8243; _module_preset=\u00bbdefault\u00bb custom_margin=\u00bb-27px|||||\u00bb global_colors_info=\u00bb{}\u00bb]<\/p>\n<p><span style=\"text-decoration: line-through;\">MXN $187<\/span> &#8211; <strong><span style=\"color: #000000;\">MX $147.OO<\/span><\/strong><\/p>\n<p>[\/et_pb_text][et_pb_button button_text=\u00bbCOMPRAR AHORA\u00bb _builder_version=\u00bb4.25.1&#8243; _module_preset=\u00bbdefault\u00bb custom_margin=\u00bb-22px|||||\u00bb hover_enabled=\u00bb0&#8243; global_colors_info=\u00bb{}\u00bb button_url=\u00bb@ET-DC@eyJkeW5hbWljIjp0cnVlLCJjb250ZW50IjoicG9zdF9saW5rX3VybF9wcm9kdWN0Iiwic2V0dGluZ3MiOnsicG9zdF9pZCI6Ijg0In19@\u00bb _dynamic_attributes=\u00bbbutton_url\u00bb sticky_enabled=\u00bb0&#8243;][\/et_pb_button][\/et_pb_column][\/et_pb_row][\/et_pb_section][et_pb_section fb_built=\u00bb1&#8243; admin_label=\u00bbTestimonials\u00bb _builder_version=\u00bb4.22.0&#8243; _module_preset=\u00bbdefault\u00bb locked=\u00bboff\u00bb collapsed=\u00bbon\u00bb global_colors_info=\u00bb{}\u00bb][et_pb_row _builder_version=\u00bb4.22.0&#8243; _module_preset=\u00bbdefault\u00bb global_colors_info=\u00bb{}\u00bb][et_pb_column type=\u00bb4_4&#8243; _builder_version=\u00bb4.22.0&#8243; _module_preset=\u00bbdefault\u00bb global_colors_info=\u00bb{}\u00bb][et_pb_text _builder_version=\u00bb4.22.0&#8243; _module_preset=\u00bbd0171d15-04ac-4180-9855-621469c10865&#8243; text_orientation=\u00bbcenter\u00bb global_colors_info=\u00bb{}\u00bb]<\/p>\n<h2>Testimonios<\/h2>\n<p>[\/et_pb_text][\/et_pb_column][\/et_pb_row][et_pb_row _builder_version=\u00bb4.22.0&#8243; _module_preset=\u00bbdefault\u00bb global_colors_info=\u00bb{}\u00bb][et_pb_column type=\u00bb4_4&#8243; _builder_version=\u00bb4.22.0&#8243; _module_preset=\u00bbdefault\u00bb global_colors_info=\u00bb{}\u00bb][et_pb_slider _builder_version=\u00bb4.25.1&#8243; _module_preset=\u00bb556e7632-13c2-4b33-b739-92fde0363f18&#8243; custom_padding=\u00bb19px||||false|false\u00bb locked=\u00bboff\u00bb global_colors_info=\u00bb{%22gcid-87ec9290-812c-4c65-8d05-609929451075%22:%91%22header_text_color%22%93}\u00bb][et_pb_slide heading=\u00bb                                                                                             Son completamente org\u00e1nicas. Puedes comerlas sin preocupaci\u00f3n de conservadores y azucares a\u00f1adidos. Son mejores que cualquier otra. %22Las Amo%22&#8243; use_bg_overlay=\u00bboff\u00bb use_text_overlay=\u00bboff\u00bb _builder_version=\u00bb4.25.1&#8243; _module_preset=\u00bbdefault\u00bb header_text_color=\u00bb#000000&#8243; body_text_color=\u00bb#333333&#8243; text_orientation=\u00bbcenter\u00bb max_width=\u00bb90%\u00bb border_radii_image=\u00bbon|1732px|1732px|1732px|1732px\u00bb text_shadow_style=\u00bbpreset1&#8243; locked=\u00bboff\u00bb global_colors_info=\u00bb{}\u00bb sticky_transition=\u00bbon\u00bb]<\/p>\n<p>Flor de Abril<\/p>\n<p>[\/et_pb_slide][et_pb_slide heading=\u00bbLos productos de San Vida son un verdadero manjar, sabores exquisitos al paladar, y lo mejor es que son naturales. Antes de San Vida no me gusta la crema de cacahuate, ahora me encanta\u00bb _builder_version=\u00bb4.25.1&#8243; _module_preset=\u00bbdefault\u00bb background_layout=\u00bblight\u00bb locked=\u00bboff\u00bb global_colors_info=\u00bb{}\u00bb sticky_transition=\u00bbon\u00bb]<\/p>\n<div class=\"layout-element layout-element--layout layout-element transition transition--undefined\" data-v-c26ff75d=\"\">\n<div class=\"text-box layout-element__component layout-element__component--GridTextBox\" id=\"z_6yEu\" data-v-c26ff75d=\"\" data-qa=\"gridtextbox:z_6yeu\">\n<h6><span>Laura Aguilar<\/span><\/h6>\n<\/div>\n<\/div>\n<div class=\"layout-element layout-element--layout layout-element transition transition--undefined\" data-v-c26ff75d=\"\">\n<div class=\"text-box layout-element__component layout-element__component--GridTextBox\" id=\"zVTokT\" data-v-c26ff75d=\"\" data-qa=\"gridtextbox:zvtokt\"><\/div>\n<\/div>\n<p>[\/et_pb_slide][et_pb_slide heading=\u00bbSin duda \u00e9sta crema de cacahuate es deliciosa, ya he preparado varias de las recetas que han compartido y son riqu\u00edsimas, yo la recomiendo ampliamente. Gracias por ofrecernos productos deliciosos y sanos\u00bb _builder_version=\u00bb4.25.1&#8243; _module_preset=\u00bbdefault\u00bb background_layout=\u00bblight\u00bb locked=\u00bboff\u00bb global_colors_info=\u00bb{}\u00bb sticky_transition=\u00bbon\u00bb]<\/p>\n<p>Beatriz Perez<\/p>\n<p>[\/et_pb_slide][et_pb_slide heading=\u00bb%22Luctus lectus non quisque turpis bibendum posuere. Morbi tortor nibh, fringilla sed pretium sit amet. Curabitur non bibendum ligula. Etiam quis blandit erat donec laoreet libero non metus. Lorem ipsum dolor sit amet.%22&#8243; _builder_version=\u00bb4.22.0&#8243; _module_preset=\u00bbdefault\u00bb locked=\u00bboff\u00bb global_colors_info=\u00bb{}\u00bb sticky_transition=\u00bbon\u00bb]Sayeed Ahmad[\/et_pb_slide][\/et_pb_slider][\/et_pb_column][\/et_pb_row][\/et_pb_section][et_pb_section fb_built=\u00bb1&#8243; admin_label=\u00bbFooter Copyright\u00bb _builder_version=\u00bb4.25.1&#8243; _module_preset=\u00bbdefault\u00bb background_color=\u00bb#000000&#8243; custom_padding=\u00bb0px||0px||true|false\u00bb link_option_url=\u00bbspreznetwork.com\u00bb link_option_url_new_window=\u00bbon\u00bb collapsed=\u00bbon\u00bb global_colors_info=\u00bb{}\u00bb][et_pb_row _builder_version=\u00bb4.22.0&#8243; _module_preset=\u00bbdefault\u00bb global_colors_info=\u00bb{}\u00bb][et_pb_column type=\u00bb4_4&#8243; _builder_version=\u00bb4.22.0&#8243; _module_preset=\u00bbdefault\u00bb global_colors_info=\u00bb{}\u00bb][et_pb_text _builder_version=\u00bb4.25.1&#8243; _dynamic_attributes=\u00bbcontent\u00bb _module_preset=\u00bbfad7086d-aff2-43c0-84c6-1d61373fd652&#8243; text_orientation=\u00bbcenter\u00bb global_colors_info=\u00bb{}\u00bb]@ET-DC@eyJkeW5hbWljIjp0cnVlLCJjb250ZW50IjoiY3VycmVudF9kYXRlIiwic2V0dGluZ3MiOnsiYmVmb3JlIjoiQ29weXJpZ2h0ICZjb3B5OyAiLCJhZnRlciI6IiBTYW52aWRhTWFyYS4gQWxsIFJpZ2h0cyBSZXNlcnZlZC4gLyBQb3dlcmVkIGJ5IFNwcmV6IE5ldHdvcmsiLCJkYXRlX2Zvcm1hdCI6ImN1c3RvbSIsImN1c3RvbV9kYXRlX2Zvcm1hdCI6IlkifX0=@[\/et_pb_text][\/et_pb_column][\/et_pb_row][\/et_pb_section]<\/p>\n","protected":false},"excerpt":{"rendered":"<p>SANVIDAMARAEl snack que nutreCrema De Cacahuate Sabor &#8211; OriginalMXN $187 &#8211; MX $147.OOCrema De Cacahuate Sabor &#8211; ArandanoMXN $187 &#8211; MX $147.OOCrema De Cacahuate Sabor &#8211; CacaoMXN $187 &#8211; MX $147.OOCrema De Cacahuate Sabor &#8211; Caf\u00e9MXN $187 &#8211; MX $147.OOCrema De Cacahuate SIN ENDULZARMXN $187 &#8211; MX $147.OOCrema De Cacahuate Sabor &#8211; CocoMXN $187 &#8211; [&hellip;]<\/p>\n","protected":false},"author":1,"featured_media":0,"parent":0,"menu_order":0,"comment_status":"closed","ping_status":"closed","template":"","meta":{"_et_pb_use_builder":"on","_et_pb_old_content":"","_et_gb_content_width":"","footnotes":""},"class_list":["post-37","page","type-page","status-publish","hentry"],"yoast_head":"<!-- This site is optimized with the Yoast SEO plugin v27.3 - https:\/\/yoast.com\/product\/yoast-seo-wordpress\/ -->\n<title>Tienda - Tienda SanvidaMara<\/title>\n<meta name=\"robots\" content=\"index, follow, max-snippet:-1, max-image-preview:large, max-video-preview:-1\" \/>\n<link rel=\"canonical\" href=\"https:\/\/sanvidamara.com\/tienda\/\" \/>\n<meta property=\"og:locale\" content=\"es_ES\" \/>\n<meta property=\"og:type\" content=\"article\" \/>\n<meta property=\"og:title\" content=\"Tienda - Tienda SanvidaMara\" \/>\n<meta property=\"og:description\" content=\"SANVIDAMARAEl snack que nutreCrema De Cacahuate Sabor - OriginalMXN $187 - MX $147.OOCrema De Cacahuate Sabor - ArandanoMXN $187 - MX $147.OOCrema De Cacahuate Sabor - CacaoMXN $187 - MX $147.OOCrema De Cacahuate Sabor - Caf\u00e9MXN $187 - MX $147.OOCrema De Cacahuate SIN ENDULZARMXN $187 - MX $147.OOCrema De Cacahuate Sabor - CocoMXN $187 - [&hellip;]\" \/>\n<meta property=\"og:url\" content=\"https:\/\/sanvidamara.com\/tienda\/\" \/>\n<meta property=\"og:site_name\" content=\"Tienda SanvidaMara\" \/>\n<meta property=\"article:modified_time\" content=\"2024-05-22T05:26:42+00:00\" \/>\n<meta name=\"twitter:card\" content=\"summary_large_image\" \/>\n<meta name=\"twitter:label1\" content=\"Tiempo de lectura\" \/>\n\t<meta name=\"twitter:data1\" content=\"9 minutos\" \/>\n<script type=\"application\/ld+json\" class=\"yoast-schema-graph\">{\"@context\":\"https:\\\/\\\/schema.org\",\"@graph\":[{\"@type\":\"WebPage\",\"@id\":\"https:\\\/\\\/sanvidamara.com\\\/tienda\\\/\",\"url\":\"https:\\\/\\\/sanvidamara.com\\\/tienda\\\/\",\"name\":\"Tienda - Tienda SanvidaMara\",\"isPartOf\":{\"@id\":\"https:\\\/\\\/sanvidamara.com\\\/tienda\\\/#website\"},\"datePublished\":\"2024-05-22T00:54:13+00:00\",\"dateModified\":\"2024-05-22T05:26:42+00:00\",\"breadcrumb\":{\"@id\":\"https:\\\/\\\/sanvidamara.com\\\/tienda\\\/#breadcrumb\"},\"inLanguage\":\"es\",\"potentialAction\":[{\"@type\":\"ReadAction\",\"target\":[\"https:\\\/\\\/sanvidamara.com\\\/tienda\\\/\"]}]},{\"@type\":\"BreadcrumbList\",\"@id\":\"https:\\\/\\\/sanvidamara.com\\\/tienda\\\/#breadcrumb\",\"itemListElement\":[{\"@type\":\"ListItem\",\"position\":1,\"name\":\"Portada\",\"item\":\"https:\\\/\\\/sanvidamara.com\\\/tienda\\\/\"},{\"@type\":\"ListItem\",\"position\":2,\"name\":\"Tienda\"}]},{\"@type\":\"WebSite\",\"@id\":\"https:\\\/\\\/sanvidamara.com\\\/tienda\\\/#website\",\"url\":\"https:\\\/\\\/sanvidamara.com\\\/tienda\\\/\",\"name\":\"Tienda SanvidaMara\",\"description\":\"\",\"publisher\":{\"@id\":\"https:\\\/\\\/sanvidamara.com\\\/tienda\\\/#organization\"},\"potentialAction\":[{\"@type\":\"SearchAction\",\"target\":{\"@type\":\"EntryPoint\",\"urlTemplate\":\"https:\\\/\\\/sanvidamara.com\\\/tienda\\\/?s={search_term_string}\"},\"query-input\":{\"@type\":\"PropertyValueSpecification\",\"valueRequired\":true,\"valueName\":\"search_term_string\"}}],\"inLanguage\":\"es\"},{\"@type\":\"Organization\",\"@id\":\"https:\\\/\\\/sanvidamara.com\\\/tienda\\\/#organization\",\"name\":\"Tienda SanvidaMara\",\"url\":\"https:\\\/\\\/sanvidamara.com\\\/tienda\\\/\",\"logo\":{\"@type\":\"ImageObject\",\"inLanguage\":\"es\",\"@id\":\"https:\\\/\\\/sanvidamara.com\\\/tienda\\\/#\\\/schema\\\/logo\\\/image\\\/\",\"url\":\"https:\\\/\\\/sanvidamara.com\\\/tienda\\\/wp-content\\\/uploads\\\/2024\\\/04\\\/Icono-del-sitio-.webp\",\"contentUrl\":\"https:\\\/\\\/sanvidamara.com\\\/tienda\\\/wp-content\\\/uploads\\\/2024\\\/04\\\/Icono-del-sitio-.webp\",\"width\":512,\"height\":512,\"caption\":\"Tienda SanvidaMara\"},\"image\":{\"@id\":\"https:\\\/\\\/sanvidamara.com\\\/tienda\\\/#\\\/schema\\\/logo\\\/image\\\/\"}}]}<\/script>\n<!-- \/ Yoast SEO plugin. -->","yoast_head_json":{"title":"Tienda - Tienda SanvidaMara","robots":{"index":"index","follow":"follow","max-snippet":"max-snippet:-1","max-image-preview":"max-image-preview:large","max-video-preview":"max-video-preview:-1"},"canonical":"https:\/\/sanvidamara.com\/tienda\/","og_locale":"es_ES","og_type":"article","og_title":"Tienda - Tienda SanvidaMara","og_description":"SANVIDAMARAEl snack que nutreCrema De Cacahuate Sabor - OriginalMXN $187 - MX $147.OOCrema De Cacahuate Sabor - ArandanoMXN $187 - MX $147.OOCrema De Cacahuate Sabor - CacaoMXN $187 - MX $147.OOCrema De Cacahuate Sabor - Caf\u00e9MXN $187 - MX $147.OOCrema De Cacahuate SIN ENDULZARMXN $187 - MX $147.OOCrema De Cacahuate Sabor - CocoMXN $187 - [&hellip;]","og_url":"https:\/\/sanvidamara.com\/tienda\/","og_site_name":"Tienda SanvidaMara","article_modified_time":"2024-05-22T05:26:42+00:00","twitter_card":"summary_large_image","twitter_misc":{"Tiempo de lectura":"9 minutos"},"schema":{"@context":"https:\/\/schema.org","@graph":[{"@type":"WebPage","@id":"https:\/\/sanvidamara.com\/tienda\/","url":"https:\/\/sanvidamara.com\/tienda\/","name":"Tienda - Tienda SanvidaMara","isPartOf":{"@id":"https:\/\/sanvidamara.com\/tienda\/#website"},"datePublished":"2024-05-22T00:54:13+00:00","dateModified":"2024-05-22T05:26:42+00:00","breadcrumb":{"@id":"https:\/\/sanvidamara.com\/tienda\/#breadcrumb"},"inLanguage":"es","potentialAction":[{"@type":"ReadAction","target":["https:\/\/sanvidamara.com\/tienda\/"]}]},{"@type":"BreadcrumbList","@id":"https:\/\/sanvidamara.com\/tienda\/#breadcrumb","itemListElement":[{"@type":"ListItem","position":1,"name":"Portada","item":"https:\/\/sanvidamara.com\/tienda\/"},{"@type":"ListItem","position":2,"name":"Tienda"}]},{"@type":"WebSite","@id":"https:\/\/sanvidamara.com\/tienda\/#website","url":"https:\/\/sanvidamara.com\/tienda\/","name":"Tienda SanvidaMara","description":"","publisher":{"@id":"https:\/\/sanvidamara.com\/tienda\/#organization"},"potentialAction":[{"@type":"SearchAction","target":{"@type":"EntryPoint","urlTemplate":"https:\/\/sanvidamara.com\/tienda\/?s={search_term_string}"},"query-input":{"@type":"PropertyValueSpecification","valueRequired":true,"valueName":"search_term_string"}}],"inLanguage":"es"},{"@type":"Organization","@id":"https:\/\/sanvidamara.com\/tienda\/#organization","name":"Tienda SanvidaMara","url":"https:\/\/sanvidamara.com\/tienda\/","logo":{"@type":"ImageObject","inLanguage":"es","@id":"https:\/\/sanvidamara.com\/tienda\/#\/schema\/logo\/image\/","url":"https:\/\/sanvidamara.com\/tienda\/wp-content\/uploads\/2024\/04\/Icono-del-sitio-.webp","contentUrl":"https:\/\/sanvidamara.com\/tienda\/wp-content\/uploads\/2024\/04\/Icono-del-sitio-.webp","width":512,"height":512,"caption":"Tienda SanvidaMara"},"image":{"@id":"https:\/\/sanvidamara.com\/tienda\/#\/schema\/logo\/image\/"}}]}},"_links":{"self":[{"href":"https:\/\/sanvidamara.com\/tienda\/wp-json\/wp\/v2\/pages\/37","targetHints":{"allow":["GET"]}}],"collection":[{"href":"https:\/\/sanvidamara.com\/tienda\/wp-json\/wp\/v2\/pages"}],"about":[{"href":"https:\/\/sanvidamara.com\/tienda\/wp-json\/wp\/v2\/types\/page"}],"author":[{"embeddable":true,"href":"https:\/\/sanvidamara.com\/tienda\/wp-json\/wp\/v2\/users\/1"}],"replies":[{"embeddable":true,"href":"https:\/\/sanvidamara.com\/tienda\/wp-json\/wp\/v2\/comments?post=37"}],"version-history":[{"count":11,"href":"https:\/\/sanvidamara.com\/tienda\/wp-json\/wp\/v2\/pages\/37\/revisions"}],"predecessor-version":[{"id":71,"href":"https:\/\/sanvidamara.com\/tienda\/wp-json\/wp\/v2\/pages\/37\/revisions\/71"}],"wp:attachment":[{"href":"https:\/\/sanvidamara.com\/tienda\/wp-json\/wp\/v2\/media?parent=37"}],"curies":[{"name":"wp","href":"https:\/\/api.w.org\/{rel}","templated":true}]}}